{"id":2,"date":"2021-02-03T21:36:40","date_gmt":"2021-02-03T21:36:40","guid":{"rendered":"http:\/\/paranormalcba.com\/?page_id=2"},"modified":"2025-10-13T19:54:29","modified_gmt":"2025-10-13T19:54:29","slug":"medium","status":"publish","type":"page","link":"https:\/\/paranormalcba.com\/","title":{"rendered":"Ser m\u00e9dium sin saberlo&#8230;"},"content":{"rendered":"<div class=\"wp-block-image\">\n<figure class=\"aligncenter size-large is-resized\"><img loading=\"lazy\" decoding=\"async\" width=\"1024\" height=\"1022\" src=\"https:\/\/paranormalcba.com\/wp-content\/uploads\/2025\/10\/1760383873449-1-1024x1022.png\" alt=\"\" class=\"wp-image-453\" style=\"width:400px;height:auto\" srcset=\"https:\/\/paranormalcba.com\/wp-content\/uploads\/2025\/10\/1760383873449-1-1024x1022.png 1024w, https:\/\/paranormalcba.com\/wp-content\/uploads\/2025\/10\/1760383873449-1-300x300.png 300w, https:\/\/paranormalcba.com\/wp-content\/uploads\/2025\/10\/1760383873449-1-150x150.png 150w, https:\/\/paranormalcba.com\/wp-content\/uploads\/2025\/10\/1760383873449-1-768x767.png 768w, https:\/\/paranormalcba.com\/wp-content\/uploads\/2025\/10\/1760383873449-1-1536x1533.png 1536w, https:\/\/paranormalcba.com\/wp-content\/uploads\/2025\/10\/1760383873449-1.png 1651w\" sizes=\"(max-width: 1024px) 100vw, 1024px\" \/><\/figure><\/div>\n\n\n<blockquote class=\"wp-block-quote is-layout-flow wp-block-quote-is-layout-flow\">\n<p>\u00a1Bienvenidos! Soy Mariela, ama de casa, madre de dos j\u00f3venes, y me cost\u00f3 varias consultas a profesionales e incluso pensar que me estaba volviendo loca, hasta que pude comprender, que no todos pod\u00edan ver aquellas personas y mascotas que yo ve\u00eda y buscaban comunicarse conmigo&#8230;<\/p>\n\n\n\n<p><\/p>\n<cite>Decid\u00ed publicar mi experiencia ya que soy de la ciudad de Villa Allende, provincia de C\u00f3rdoba, Argentina y en esta zona no se habla mucho del tema, por eso me cost\u00f3 comprender que me suced\u00eda y m\u00e1s a\u00fan interpretar las se\u00f1ales y con calma frente a lo que presenciaba, tratar de controlar la situaci\u00f3n y poder recibir el mensaje.<\/cite><\/blockquote>\n\n\n\n<p>Siempre desde muy peque\u00f1a, me sent\u00eda acompa\u00f1ada por distintos <strong>amigos invisibles<\/strong>, c\u00f3mo les llaman habitualmente,  pero para m\u00ed no eran tan invisibles y a\u00fan con 17 a\u00f1os segu\u00edan apareciendo y lo hac\u00edan a toda hora.<\/p>\n\n\n\n<p>Por el qu\u00e9 dir\u00e1n, trat\u00e9 de quitarlos de mi mente y dejar de hablar sola, pero segu\u00eda escuchando como una radio mal sintonizada, me costaba dormir, me generaba ansiedad y cambios de humor. Conforme crec\u00eda, las experiencias eran m\u00e1s fuertes y no pod\u00eda controlarlas, sent\u00eda dolor en la zona del tercer ojo y tambi\u00e9n de cabeza. Me ven\u00edan im\u00e1genes de la gente que me rodeaba, en distintas etapas de su vida, escuchaba nombres o mensajes con insistencia y en m\u00ed trabajo viv\u00eda muy estresada, busqu\u00e9 ayuda profesional y s\u00f3lo me dieron pastillas para dormir y ansiol\u00edticos.<\/p>\n\n\n\n<p>Fu\u00e9 una etapa muy traum\u00e1tica, de mucha incertidumbre,  por eso, no quiero que otras personas sufran tanto para comprender lo que les est\u00e1 pasando y busco ayudarlos a identificar \u00e9sta funci\u00f3n m\u00e1s desarrollada en  ellos que en el resto de amigos o familiares, para que no se sientan raros o aislados, ni crean que est\u00e1n locos.  <\/p>\n\n\n\n<p>Soy mam\u00e1 y mis hijos tienen mediumnidad, pero a diferencia de m\u00ed infancia, yo detect\u00e9 sus s\u00edntomas y siempre busqu\u00e9 orientarlos, hablar del tema, darle seriedad y permitirles que traten de controlar la situaci\u00f3n y que lo tomaran como algo natural, como el hablar o caminar. No quiero que se opsecionen con \u00e9sto, pero si que lo comprendan y que traten de que no ocupe el 100% de su d\u00eda, sino que les permita seguir haciendo cosas sin invadirlos. Si alguien busca contactar con ellos, les ense\u00f1o c\u00f3mo pedir con respeto, que les den su espacio, que esperen otro momento.<\/p>\n\n\n\n<p>En casa hablamos del tema, pero no es lo central, muchas veces reniego de \u00e9sta facultad porque no puedo descansar y me agota mucho canalizar esp\u00edritus, pero a la vez m\u00ed gu\u00eda espiritual me dice que debo seguir.<\/p>\n\n\n\n<p> Muchas veces ped\u00ed se\u00f1ales, para saber si ya no debo continuar recibiendo mensajes para quien venga a consultarme y fueron muy claras las se\u00f1ales, indicando que a\u00fan tengo que seguir ayudando a las personas que me buscan para comunicarse con otros amigos y familiares que no est\u00e1n aqu\u00ed f\u00edsicamente.<\/p>\n\n\n\n<p>En el siguiente enlace podr\u00e1n escuchar la entrevista radial referida a mediumnidad, que me realizaron hace unas semanas.<\/p>\n\n\n\n<pre class=\"wp-block-code\"><code><a href=\"https:\/\/www.facebook.com\/watch\/?v=443644280782353\">ENTREVISTA RADIAL<\/a><\/code><\/pre>\n\n\n\n<p><\/p>\n\n\n\n<p>Soy un canal abierto, veo fotos y recibo informaci\u00f3n, estoy cerca de una persona y comienzo a recibir mensajes, im\u00e1genes de su vida, si lo toco (imposici\u00f3n de manos), su gu\u00eda espiritual me da m\u00e1s informaci\u00f3n y puedo ver si un ente lo atormenta, si un esp\u00edritu obsesor lo est\u00e1 manipulando. Deben tener en cuenta que el mundo espiritual influye sobre nosotros, es energ\u00eda que se encuentra con la energ\u00eda \u00e1urica de cada uno. <\/p>\n\n\n\n<p>Cuando la persona recibe la envidia o el odio por parte de una expareja, vecina\/o, supuesta\/o amiga\/o o conocida\/o, tambi\u00e9n  puedo verla, a diferencia de otros m\u00e9dium  yo en la mayor\u00eda de las sesiones puedo ver y describir al esp\u00edritu,  me muestra como muri\u00f3, que actividad hac\u00eda, que objetos lo identifican para su familia, un reloj, un anillo, un veh\u00edculo, a veces una expresi\u00f3n  o costumbre de se\u00f1alar con el dedo, de tomarse la cabeza, etc. <\/p>\n\n\n\n<p>Con la informaci\u00f3n que me dan, trato de interpretar un mensaje que tenga sentido para el consultante y siempre aclaro, no soy adivina, el esp\u00edritu  me cuenta cosas que solo el familiar o el amigo sabe, para validar su presencia, viene da el mensaje y se va, no puedo estar con \u00e9l el tiempo que quiera el consultante,  incluso muy pocas veces, pero sucede que no quiera presentarse, que no pueda en \u00e9se momento y tambi\u00e9n le aclaro \u00e9sto a la gente. Quieren hablar con alguien en particular, pero se presenta otro esp\u00edritu, \u00e9so sucede habitualmente. <\/p>\n\n\n\n<p>Como soy un medio que utiliza el esp\u00edritu para dar su mensaje,  les aclaro que olvido casi inmediatamente, que pruebas de ser quien dice ser les dio, que mensaje les pas\u00f3, etc. Con el tiempo, vuelve alguien y me dice: \u00abPas\u00f3 tal cual lo que me dijiste\u00bb, sin embargo yo apenas puedo recordarlos, por eso siempre les digo que presten atenci\u00f3n  a lo que les dice el esp\u00edritu presente, porque apenas doy el mensaje olvido lo que hablamos con el consultante. <\/p>\n\n\n\n<p>Ahora vienen a mi casa personas a consultar sobre familiares y amigos, puedo atender 2 por d\u00eda porque me agota mucho, en un comienzo era gratis, pero me llamaban todo el d\u00eda y me contactaban de distintos pa\u00edses, provincias, etc. por lo que me v\u00ed obligada a poner horarios y un costo. Tengo lista de espera, cada sesi\u00f3n me genera situaciones previas que me anticipa la carga energ\u00e9tica que trae la persona consultante.  Que quiero decir, que siento la ansiedad, el temor, el nerviosismo, el malestar, la tristeza de la persona que voy a entrevistar incluso un d\u00eda antes de su llegada. <\/p>\n\n\n<div class=\"wp-block-image\">\n<figure class=\"aligncenter size-large\"><img loading=\"lazy\" decoding=\"async\" width=\"568\" height=\"567\" src=\"https:\/\/paranormalcba.com\/wp-content\/uploads\/2023\/06\/medium.png\" alt=\"\" class=\"wp-image-291\" srcset=\"https:\/\/paranormalcba.com\/wp-content\/uploads\/2023\/06\/medium.png 568w, https:\/\/paranormalcba.com\/wp-content\/uploads\/2023\/06\/medium-300x300.png 300w, https:\/\/paranormalcba.com\/wp-content\/uploads\/2023\/06\/medium-150x150.png 150w\" sizes=\"(max-width: 568px) 100vw, 568px\" \/><\/figure><\/div>\n\n\n<p>La experiencia de mediumnidad la llevo a cabo como una charla com\u00fan y corriente, s\u00f3lo necesito saber:<strong> Javier, pap\u00e1<\/strong> y as\u00ed lo agendo. Un nombre y v\u00ednculo, ni siquiera nombre completo, de \u00e9se modo cuando se establece el contacto, el esp\u00edritu brinda datos espec\u00edficos c\u00f3mo prueba de vida y el consultante sabe quien se ha presentado sin dudar de ello. Durante la canalizaci\u00f3n, siento la causa de muerte en mi cuerpo, es decir me transmiten si murieron violentamente en un accidente, dolor en todo el cuerpo por los traumatismos, si fue por un infarto el dolor en el pecho, me asfixio, siento los disparos, pu\u00f1aladas, golpes, en fin todo tipo de se\u00f1ales en mi cuerpo y sentidos que me llevan a revivir sus \u00faltimos minutos de vida. Por este motivo me afecta f\u00edsicamente cada canalizaci\u00f3n y con el paso de los a\u00f1os me cuesta m\u00e1s recuperarme.<\/p>\n\n\n\n<p>El mundo espiritual existe, nos rodea e influye permanentemente en nosotros, no alcanzamos a imaginar cu\u00e1nto lo hacen, ellos son testigos de cada evento de nuestras vidas y me lo hacen saber para que se los diga, ayuda a sobrellevar el duelo, a comprender esos sentimientos de que algo me salv\u00f3 de un accidente o de tomar una mala decisi\u00f3n y por lo general, lo llamamos sexto sentido.<\/p>\n\n\n\n<p>Nunca busco convencer a nadie, pero tengan en cuenta:  <strong>Que porque t\u00fa no puedas ver algo, no significa que no existe&#8230;<\/strong><\/p>\n\n\n\n<p>Todos buscan dar un cierre a una p\u00e9rdida irreparable, escuchar un mensaje de su ser querido y con la existencia de tantos charlatanes hoy en d\u00eda aprovechando la situaci\u00f3n, realmente me alegra cuando las personas validan el contacto y se retiran aliviadas de mi casa. <\/p>\n\n\n\n<p><\/p>\n\n\n\n<p><a href=\"https:\/\/www.facebook.com\/PenduloHebreoMedium\">P\u00e9ndulo hebreo Villa Allende<\/a><\/p>\n\n\n\n<p><\/p>\n","protected":false},"excerpt":{"rendered":"<p>\u00a1Bienvenidos! Soy Mariela, ama de casa, madre de dos j\u00f3venes, y me cost\u00f3 varias consultas a profesionales e incluso pensar que me estaba volviendo loca, hasta que pude comprender, que no todos pod\u00edan ver aquellas personas y mascotas que yo ve\u00eda y buscaban comunicarse conmigo&#8230; Decid\u00ed publicar mi experiencia ya que soy de la ciudad<\/p><\/div>\n<div class=\"blog-btn\"><a href=\"https:\/\/paranormalcba.com\/\" class=\"home-blog-btn\">Leer m\u00e1s<\/a><\/p>\n","protected":false},"author":1,"featured_media":0,"parent":0,"menu_order":0,"comment_status":"closed","ping_status":"open","template":"","meta":{"footnotes":""},"_links":{"self":[{"href":"https:\/\/paranormalcba.com\/index.php\/wp-json\/wp\/v2\/pages\/2"}],"collection":[{"href":"https:\/\/paranormalcba.com\/index.php\/wp-json\/wp\/v2\/pages"}],"about":[{"href":"https:\/\/paranormalcba.com\/index.php\/wp-json\/wp\/v2\/types\/page"}],"author":[{"embeddable":true,"href":"https:\/\/paranormalcba.com\/index.php\/wp-json\/wp\/v2\/users\/1"}],"replies":[{"embeddable":true,"href":"https:\/\/paranormalcba.com\/index.php\/wp-json\/wp\/v2\/comments?post=2"}],"version-history":[{"count":22,"href":"https:\/\/paranormalcba.com\/index.php\/wp-json\/wp\/v2\/pages\/2\/revisions"}],"predecessor-version":[{"id":455,"href":"https:\/\/paranormalcba.com\/index.php\/wp-json\/wp\/v2\/pages\/2\/revisions\/455"}],"wp:attachment":[{"href":"https:\/\/paranormalcba.com\/index.php\/wp-json\/wp\/v2\/media?parent=2"}],"curies":[{"name":"wp","href":"https:\/\/api.w.org\/{rel}","templated":true}]}}