{"id":23,"date":"2021-02-03T22:12:34","date_gmt":"2021-02-03T22:12:34","guid":{"rendered":"http:\/\/paranormalcba.com\/index.php\/about\/"},"modified":"2024-07-04T19:01:03","modified_gmt":"2024-07-04T19:01:03","slug":"nosotros","status":"publish","type":"page","link":"https:\/\/paranormalcba.com\/index.php\/nosotros\/","title":{"rendered":"Limpieza Energ\u00e9tica y Mediumnidad"},"content":{"rendered":"\n<figure class=\"wp-block-image size-large\"><img loading=\"lazy\" decoding=\"async\" width=\"1024\" height=\"683\" src=\"https:\/\/paranormalcba.com\/wp-content\/uploads\/2021\/02\/the-traffic-light-2157162_1920-1024x683.jpg\" alt=\"\" class=\"wp-image-94\" srcset=\"https:\/\/paranormalcba.com\/wp-content\/uploads\/2021\/02\/the-traffic-light-2157162_1920-1024x683.jpg 1024w, https:\/\/paranormalcba.com\/wp-content\/uploads\/2021\/02\/the-traffic-light-2157162_1920-300x200.jpg 300w, https:\/\/paranormalcba.com\/wp-content\/uploads\/2021\/02\/the-traffic-light-2157162_1920-768x512.jpg 768w, https:\/\/paranormalcba.com\/wp-content\/uploads\/2021\/02\/the-traffic-light-2157162_1920-1536x1024.jpg 1536w, https:\/\/paranormalcba.com\/wp-content\/uploads\/2021\/02\/the-traffic-light-2157162_1920.jpg 1920w\" sizes=\"(max-width: 1024px) 100vw, 1024px\" \/><\/figure>\n\n\n\n<p>Hola, mucha gente me consulta a que me dedico, para no responder lo mismo a cada uno, directamente les comparto mi p\u00e1gina web, podr\u00e1n leer sobre mis comienzos y como, luego de descubrir que no me estaba volviendo loca, por ver y escuchar gente que nadie pod\u00eda, ahora me dedico a tiempo completo a dos cosas fundamentalmente:<\/p>\n\n\n\n<ul>\n<li>Limpiezas energ\u00e9ticas a personas, casas, oficinas o comercios.<\/li>\n\n\n\n<li>Sesiones de mediumnidad<\/li>\n<\/ul>\n\n\n\n<h4 class=\"wp-block-heading\">Limpiezas energ\u00e9ticas a personas, casas, oficinas o comercios.<\/h4>\n\n\n\n<p>Las limpiezas energ\u00e9ticas a personas las hago personalmente en mi casa, para lo cual por lo general los consultantes me solicitan un turno y yo se los asigno de la siguiente manera:&nbsp;<\/p>\n\n\n\n<p>El \u00faltimo d\u00eda de cada mes desde las 00:00 hs recibo mensajes por whatsapp solicitando turno para limpieza o mediumnidad ( aclaro que \u00e9sta \u00faltima puede ser online, para personas que no pueden trasladarse hasta mi domicilio y son de otras localidades, provincias o paises, ya que recibo consultas de todos los paises del mundo), cuando me despierto leo los mensajes y voy armando la agenda, siguiendo el orden de llegada de dichos mensajes.<\/p>\n\n\n\n<p><strong>Siempre les env\u00edo un cartel<\/strong> que claramente les indica a los consultantes que <strong>si bien ya tienen turno<\/strong> por ejemplo: para el d\u00eda 02\/07 a las 15 hs, <strong>deber\u00e1n confirmar que asistir\u00e1n el d\u00eda anterior<\/strong> es decir el 01\/07 desde las 00:00hs<strong> hasta las 12:00 hs<\/strong> del d\u00eda 01, de \u00e9sta manera me aseguro que vendr\u00e1 a su turno o tengo tiempo de reasignarlo a quien se encuentre en lista de espera, ya que siempre manejo una lista de espera, pues el \u00faltimo d\u00eda de cada mes, se llenan los turnos de todo el mes muy r\u00e1pidamente y los <strong>consultantes que no consiguieron ser agendados ese d\u00eda<\/strong>, me env\u00edan todos los d\u00edas siguientes a partir de las 12:00 hs del mediod\u00eda mensaje para saber si el turno fue confirmado o puedo d\u00e1rselo a ellos. Si el consultante que ten\u00eda turno asegurado no lo confirm\u00f3 hasta las 12:00 hs del d\u00eda anterior, a las 12:01 ya es reasignado al primero de la lista de espera.&nbsp; A muchos les resulta muy estricto pero deben tomarse muy en serio mi trabajo y comprender que la organizaci\u00f3n es fundamental, si no lo confirman al turno antes de las 12:00 hs, pierden su turno y deber\u00e1n esperar otro mes m\u00e1s o hacer lo mismo que aquellos que no consiguieron turno y consultar cada d\u00eda a las 12:00 hs para saber si pueden obtener turno.<\/p>\n\n\n\n<p>Para quienes siguen al pie de la letra mis indicaciones y pueden llegar a casa,&nbsp; una vez que ingresan les pido que no me cuenten nada de nada, mientras menos sepa de ellos mejor, con su presencia y mientras hablamos del clima o si le result\u00f3 f\u00e1cil llegar me viene informaci\u00f3n de su gu\u00eda espiritual y la energ\u00eda que percibo del consultante y durante media hora aproximadamente, podr\u00e9 decirle cosas de su pasado, presente y futuro canalizando al gu\u00eda espiritual y familiares o amigos que se encuentran en otro plano y ahora se manifiestan para dar un mensaje. Siempre les recuerdo que la comunicaci\u00f3n no es igual a un tel\u00e9fono donde puedo hablar claramente con sus familiares, ellos al presentarse y para validar que se trata espec\u00edficamente de tal o cual persona, que el consultante conoci\u00f3 en vida, dar\u00e1n o me mostrar\u00e1n objetos, palabras, nombres o indicios sobre la forma en que fallecieron y brindar\u00e1n datos que yo no tengo forma de saber, ya que ser\u00e1n datos que unicamente sabr\u00e1 identificar el consultante. Con lo que me dicen o yo puedo ver, ya que puedo verlos como a una persona que me consulta, debo entender y dar un mensaje que tenga sentido para quien me consulta. Muchas veces no se porqu\u00e9 dicen ciertas cosas, pero el consultante al terminar la sesi\u00f3n, me cuenta a que se refer\u00eda el esp\u00edritu cuando mencion\u00f3 cierta circunstancia por la cual lo recordar\u00edan.&nbsp;&nbsp;<\/p>\n\n\n\n<p>Luego de la sesi\u00f3n de mediumnidad, me concentro en la energ\u00eda del consultante y procedo a la limpieza energ\u00e9tica propiamente dicha, para lo cual utilizo un p\u00e9ndulo hebreo y voy limpiando los diferentes chacras, durante aproximadamente una hora y media, as\u00ed y con imposisi\u00f3n de manos, puedo saber si le hicieron alg\u00fan trabajo, o tiene apegado alguna entidad del bajo astral o si un esp\u00edritu que se encuentra perdido o desorientado se le apeg\u00f3 al encontrarse con una persona en estado vulnerable.&nbsp;<\/p>\n\n\n\n<p>Durante la limpieza energ\u00e9tica pido asistencia de esp\u00edritus elevados y ellos le quitar\u00e1n al consultante los trabajos rituales que lo atormenten, los esp\u00edritus apegados o entidades que influyen negativamente en ellos, yo soy s\u00f3lo un instrumento que utilizan por la sensibilidad de mis sentidos.<\/p>\n\n\n\n<h4 class=\"wp-block-heading\"><strong>Sesiones de mediumnidad<\/strong><\/h4>\n\n\n\n<p>Las sesiones deben ser presenciales cuando se trata de limpieza energ\u00e9ticas, pero si son para mediumnidad solamente, las hago online cuando son de otras localidades, provincias o paises. En cuanto a la duraci\u00f3n de la mediumnidad, no tiene un tiempo espec\u00edfico, el esp\u00edritu que se contacta, da su mensaje y se refiere a lo que considera importante y luego se ir\u00e1, por lo general dura 30 a 45 minutos, yo no lo retengo ni tengo influencia sobre el tiempo de contacto, cuando dos o tres consultantes quieren contactar a la misma persona, por ejemplo: Los hijos al padre, no tengo problemas en que vengan en grupo, pero si cada persona quiere contactar a diferentes familiares, no atiendo grupos porque se mezclan las energ\u00edas y por lo general los mensajes son muy personales y el consultante tampoco quiere que otros escuchen lo que tienen para decirle a \u00e9l.\u00a0<\/p>\n\n\n\n<p>Las sesiones de mediumnidad, generalmente ayudan mucho a personas que est\u00e1n atravesando la dolorosa experiencia del luto por la p\u00e9rdida f\u00edsica de alg\u00fan familiar o amigo, sobre todo cuando durante la sesi\u00f3n pueden comprobar que su ser querido reconoce sus acciones, es testigo de sus logros, de su sufrimiento y le da pruebas que validan esa compa\u00f1\u00eda constante desde otro plano. El poder comprender por s\u00ed mismo que no es un punto y final, todo se termin\u00f3 al fallecer, seguimos existiendo c\u00f3mo energ\u00eda que ya no tiene l\u00edmites de tiempo ni espacio como nos limitaba el cuerpo f\u00edsico, ahora el alma seguir\u00e1 un constante aprendizaje, encontr\u00e1ndose en un plano diferente pero que le permite comunicarse y manifestarse en el nuestro. <\/p>\n\n\n\n<p>\u00bf<strong>Se Cobra por esto?<\/strong><\/p>\n\n\n\n<p>\u00a0Cuando me llaman para limpiar casas, negocios, oficinas o terrenos, lo fundamental es la ubicaci\u00f3n del lugar, seg\u00fan los kil\u00f3metros de distancia y las dimensiones del lugar, acordaremos el costo, ya que ese d\u00eda no atiendo a nadie en mi casa, hay un desgaste energ\u00e9tico propio y me cuesta recuperarme en cada limpieza que realizo, sufro consecuencias f\u00edsicas que me obligan a tener un tiempo de descanso. Dedico el d\u00eda para \u00e9sta tarea y grabo un v\u00eddeo para los propietarios con lo que percibo y puedo captar en el momento, ya que por lo general me olvido, luego de cada sesi\u00f3n, de lo canalizado.<\/p>\n\n\n\n<p>Somos discretos y acordamos los horarios de trabajo con los propietarios, para que puedan continuar con sus tareas habituales, sin la molestia de terceros que no comprenden su situaci\u00f3n actual.<\/p>\n\n\n\n<p>Pero lo m\u00e1s importante es que somos personas comunes, dispuestas a destinar nuestro tiempo para ayudar a otras, que no encuentran explicaci\u00f3n a ciertos eventos y necesitan de alguien que los tome con seriedad y compromiso. Para poder continuar con la vida sin sobresaltos.<\/p>\n\n\n<div class=\"col-md-6 col-sm-6 col-xs-12\">\n<div class=\"about-img-area wow fadeInDown animated animated animated animated animated\" style=\"visibility: visible; animation-delay: 0.4s; animation-name: fadeInDown;\" data-wow-delay=\"0.4s\">\n<hr \/><\/div>\n<\/div>\n<div class=\"col-md-6 col-sm-6 col-xs-12 wow fadeInDown animated animated animated animated animated\" style=\"visibility: visible; animation-delay: 0.4s; animation-name: fadeInDown;\" data-wow-delay=\"0.4s\">\u00a0<\/div>\n<div class=\"col-md-6 col-sm-6 col-xs-12 wow fadeInDown animated animated animated animated animated\" style=\"visibility: visible; animation-delay: 0.4s; animation-name: fadeInDown;\" data-wow-delay=\"0.4s\">\n<\/div>\n\n<p class=\"wp-block-tag-cloud\"><a href=\"https:\/\/paranormalcba.com\/index.php\/tag\/actividad-paranormal\/\" class=\"tag-cloud-link tag-link-5 tag-link-position-1\" style=\"font-size: 12.581818181818pt;\" aria-label=\"actividad paranormal (2 elementos)\">actividad paranormal<\/a>\n<a href=\"https:\/\/paranormalcba.com\/index.php\/tag\/amarres\/\" class=\"tag-cloud-link tag-link-30 tag-link-position-2\" style=\"font-size: 8pt;\" aria-label=\"amarres (1 elemento)\">amarres<\/a>\n<a href=\"https:\/\/paranormalcba.com\/index.php\/tag\/ataduras\/\" class=\"tag-cloud-link tag-link-31 tag-link-position-3\" style=\"font-size: 8pt;\" aria-label=\"ataduras (1 elemento)\">ataduras<\/a>\n<a href=\"https:\/\/paranormalcba.com\/index.php\/tag\/brujas\/\" class=\"tag-cloud-link tag-link-33 tag-link-position-4\" style=\"font-size: 8pt;\" aria-label=\"brujas (1 elemento)\">brujas<\/a>\n<a href=\"https:\/\/paranormalcba.com\/index.php\/tag\/brujeria\/\" class=\"tag-cloud-link tag-link-18 tag-link-position-5\" style=\"font-size: 8pt;\" aria-label=\"brujer\u00eda (1 elemento)\">brujer\u00eda<\/a>\n<a href=\"https:\/\/paranormalcba.com\/index.php\/tag\/canalizacion-espiritual\/\" class=\"tag-cloud-link tag-link-23 tag-link-position-6\" style=\"font-size: 8pt;\" aria-label=\"canalizaci\u00f3n espiritual (1 elemento)\">canalizaci\u00f3n espiritual<\/a>\n<a href=\"https:\/\/paranormalcba.com\/index.php\/tag\/cazafantasmas\/\" class=\"tag-cloud-link tag-link-7 tag-link-position-7\" style=\"font-size: 8pt;\" aria-label=\"cazafantasmas (1 elemento)\">cazafantasmas<\/a>\n<a href=\"https:\/\/paranormalcba.com\/index.php\/tag\/clarividencia\/\" class=\"tag-cloud-link tag-link-15 tag-link-position-8\" style=\"font-size: 8pt;\" aria-label=\"clarividencia (1 elemento)\">clarividencia<\/a>\n<a href=\"https:\/\/paranormalcba.com\/index.php\/tag\/conjuros\/\" class=\"tag-cloud-link tag-link-32 tag-link-position-9\" style=\"font-size: 8pt;\" aria-label=\"conjuros (1 elemento)\">conjuros<\/a>\n<a href=\"https:\/\/paranormalcba.com\/index.php\/tag\/contacto-espiritual\/\" class=\"tag-cloud-link tag-link-16 tag-link-position-10\" style=\"font-size: 15.636363636364pt;\" aria-label=\"contacto espiritual (3 elementos)\">contacto espiritual<\/a>\n<a href=\"https:\/\/paranormalcba.com\/index.php\/tag\/embrujos\/\" class=\"tag-cloud-link tag-link-20 tag-link-position-11\" style=\"font-size: 8pt;\" aria-label=\"embrujos (1 elemento)\">embrujos<\/a>\n<a href=\"https:\/\/paranormalcba.com\/index.php\/tag\/entidades\/\" class=\"tag-cloud-link tag-link-28 tag-link-position-12\" style=\"font-size: 8pt;\" aria-label=\"entidades (1 elemento)\">entidades<\/a>\n<a href=\"https:\/\/paranormalcba.com\/index.php\/tag\/espiritus-2\/\" class=\"tag-cloud-link tag-link-8 tag-link-position-13\" style=\"font-size: 8pt;\" aria-label=\"espiritus (1 elemento)\">espiritus<\/a>\n<a href=\"https:\/\/paranormalcba.com\/index.php\/tag\/espiritus\/\" class=\"tag-cloud-link tag-link-4 tag-link-position-14\" style=\"font-size: 12.581818181818pt;\" aria-label=\"esp\u00edritus (2 elementos)\">esp\u00edritus<\/a>\n<a href=\"https:\/\/paranormalcba.com\/index.php\/tag\/guia-espiritual\/\" class=\"tag-cloud-link tag-link-14 tag-link-position-15\" style=\"font-size: 8pt;\" aria-label=\"gu\u00eda espiritual (1 elemento)\">gu\u00eda espiritual<\/a>\n<a href=\"https:\/\/paranormalcba.com\/index.php\/tag\/hechizos\/\" class=\"tag-cloud-link tag-link-19 tag-link-position-16\" style=\"font-size: 12.581818181818pt;\" aria-label=\"hechizos (2 elementos)\">hechizos<\/a>\n<a href=\"https:\/\/paranormalcba.com\/index.php\/tag\/limpieza-energetica\/\" class=\"tag-cloud-link tag-link-11 tag-link-position-17\" style=\"font-size: 8pt;\" aria-label=\"limpieza-energ\u00e9tica (1 elemento)\">limpieza-energ\u00e9tica<\/a>\n<a href=\"https:\/\/paranormalcba.com\/index.php\/tag\/limpieza-energetica-2\/\" class=\"tag-cloud-link tag-link-22 tag-link-position-18\" style=\"font-size: 12.581818181818pt;\" aria-label=\"limpieza energ\u00e9tica (2 elementos)\">limpieza energ\u00e9tica<\/a>\n<a href=\"https:\/\/paranormalcba.com\/index.php\/tag\/mal-de-ojo\/\" class=\"tag-cloud-link tag-link-21 tag-link-position-19\" style=\"font-size: 8pt;\" aria-label=\"mal de ojo (1 elemento)\">mal de ojo<\/a>\n<a href=\"https:\/\/paranormalcba.com\/index.php\/tag\/malignos\/\" class=\"tag-cloud-link tag-link-29 tag-link-position-20\" style=\"font-size: 8pt;\" aria-label=\"malignos (1 elemento)\">malignos<\/a>\n<a href=\"https:\/\/paranormalcba.com\/index.php\/tag\/mediumnidad\/\" class=\"tag-cloud-link tag-link-17 tag-link-position-21\" style=\"font-size: 12.581818181818pt;\" aria-label=\"mediumnidad (2 elementos)\">mediumnidad<\/a>\n<a href=\"https:\/\/paranormalcba.com\/index.php\/tag\/misterio\/\" class=\"tag-cloud-link tag-link-9 tag-link-position-22\" style=\"font-size: 8pt;\" aria-label=\"misterio (1 elemento)\">misterio<\/a>\n<a href=\"https:\/\/paranormalcba.com\/index.php\/tag\/medium\/\" class=\"tag-cloud-link tag-link-6 tag-link-position-23\" style=\"font-size: 22pt;\" aria-label=\"m\u00e9dium (6 elementos)\">m\u00e9dium<\/a>\n<a href=\"https:\/\/paranormalcba.com\/index.php\/tag\/presencias\/\" class=\"tag-cloud-link tag-link-27 tag-link-position-24\" style=\"font-size: 8pt;\" aria-label=\"presencias (1 elemento)\">presencias<\/a>\n<a href=\"https:\/\/paranormalcba.com\/index.php\/tag\/pendulo-hebreo\/\" class=\"tag-cloud-link tag-link-12 tag-link-position-25\" style=\"font-size: 8pt;\" aria-label=\"p\u00e9ndulo hebreo (1 elemento)\">p\u00e9ndulo hebreo<\/a>\n<a href=\"https:\/\/paranormalcba.com\/index.php\/tag\/sanacion\/\" class=\"tag-cloud-link tag-link-13 tag-link-position-26\" style=\"font-size: 8pt;\" aria-label=\"sanaci\u00f3n (1 elemento)\">sanaci\u00f3n<\/a>\n<a href=\"https:\/\/paranormalcba.com\/index.php\/tag\/sesion-espiritista\/\" class=\"tag-cloud-link tag-link-24 tag-link-position-27\" style=\"font-size: 8pt;\" aria-label=\"sesi\u00f3n espiritista (1 elemento)\">sesi\u00f3n espiritista<\/a>\n<a href=\"https:\/\/paranormalcba.com\/index.php\/tag\/viaje-astral\/\" class=\"tag-cloud-link tag-link-25 tag-link-position-28\" style=\"font-size: 8pt;\" aria-label=\"viaje astral (1 elemento)\">viaje astral<\/a><\/p>","protected":false},"excerpt":{"rendered":"<p>Hola, mucha gente me consulta a que me dedico, para no responder lo mismo a cada uno, directamente les comparto mi p\u00e1gina web, podr\u00e1n leer sobre mis comienzos y como, luego de descubrir que no me estaba volviendo loca, por ver y escuchar gente que nadie pod\u00eda, ahora me dedico a tiempo completo a dos<\/p><\/div>\n<div class=\"blog-btn\"><a href=\"https:\/\/paranormalcba.com\/index.php\/nosotros\/\" class=\"home-blog-btn\">Leer m\u00e1s<\/a><\/p>\n","protected":false},"author":1,"featured_media":195,"parent":0,"menu_order":0,"comment_status":"closed","ping_status":"closed","template":"template\/template-about.php","meta":{"footnotes":""},"_links":{"self":[{"href":"https:\/\/paranormalcba.com\/index.php\/wp-json\/wp\/v2\/pages\/23"}],"collection":[{"href":"https:\/\/paranormalcba.com\/index.php\/wp-json\/wp\/v2\/pages"}],"about":[{"href":"https:\/\/paranormalcba.com\/index.php\/wp-json\/wp\/v2\/types\/page"}],"author":[{"embeddable":true,"href":"https:\/\/paranormalcba.com\/index.php\/wp-json\/wp\/v2\/users\/1"}],"replies":[{"embeddable":true,"href":"https:\/\/paranormalcba.com\/index.php\/wp-json\/wp\/v2\/comments?post=23"}],"version-history":[{"count":15,"href":"https:\/\/paranormalcba.com\/index.php\/wp-json\/wp\/v2\/pages\/23\/revisions"}],"predecessor-version":[{"id":360,"href":"https:\/\/paranormalcba.com\/index.php\/wp-json\/wp\/v2\/pages\/23\/revisions\/360"}],"wp:featuredmedia":[{"embeddable":true,"href":"https:\/\/paranormalcba.com\/index.php\/wp-json\/wp\/v2\/media\/195"}],"wp:attachment":[{"href":"https:\/\/paranormalcba.com\/index.php\/wp-json\/wp\/v2\/media?parent=23"}],"curies":[{"name":"wp","href":"https:\/\/api.w.org\/{rel}","templated":true}]}}