{"id":24,"date":"2021-02-03T22:12:34","date_gmt":"2021-02-03T22:12:34","guid":{"rendered":"http:\/\/paranormalcba.com\/index.php\/home\/"},"modified":"2024-04-15T17:02:39","modified_gmt":"2024-04-15T17:02:39","slug":"home","status":"publish","type":"page","link":"https:\/\/paranormalcba.com\/index.php\/home\/","title":{"rendered":"Inicio"},"content":{"rendered":"\n<figure class=\"wp-block-image size-large is-resized\"><img loading=\"lazy\" decoding=\"async\" src=\"https:\/\/paranormalcba.com\/wp-content\/uploads\/2021\/02\/caminando-min.jpg\" alt=\"\" class=\"wp-image-67\" width=\"383\" height=\"574\" srcset=\"https:\/\/paranormalcba.com\/wp-content\/uploads\/2021\/02\/caminando-min.jpg 500w, https:\/\/paranormalcba.com\/wp-content\/uploads\/2021\/02\/caminando-min-200x300.jpg 200w\" sizes=\"(max-width: 383px) 100vw, 383px\" \/><\/figure>\n\n\n\n<p>Siempre nos preocup\u00f3 la manera en que la gente evita hablar sobre todo aquello a lo cual no le encuentra explicaci\u00f3n.<\/p>\n\n\n\n<p>Si lo ponen bajo la alfombra, no significa que no exista, si lo ignoran lejos de eliminarlo permiten que siga sucediendo y afecte a los m\u00e1s d\u00e9biles del grupo o a quienes tengan el don natural de percibir las energ\u00edas que est\u00e1n actuando en sus domicilios o lugares de trabajo.<\/p>\n","protected":false},"excerpt":{"rendered":"<p>Siempre nos preocup\u00f3 la manera en que la gente evita hablar sobre todo aquello a lo cual no le encuentra explicaci\u00f3n. Si lo ponen bajo la alfombra, no significa que no exista, si lo ignoran lejos de eliminarlo permiten que siga sucediendo y afecte a los m\u00e1s d\u00e9biles del grupo o a quienes tengan el<\/p><\/div>\n<div class=\"blog-btn\"><a href=\"https:\/\/paranormalcba.com\/index.php\/home\/\" class=\"home-blog-btn\">Leer m\u00e1s<\/a><\/p>\n","protected":false},"author":1,"featured_media":0,"parent":0,"menu_order":0,"comment_status":"closed","ping_status":"closed","template":"template-business.php","meta":{"footnotes":""},"_links":{"self":[{"href":"https:\/\/paranormalcba.com\/index.php\/wp-json\/wp\/v2\/pages\/24"}],"collection":[{"href":"https:\/\/paranormalcba.com\/index.php\/wp-json\/wp\/v2\/pages"}],"about":[{"href":"https:\/\/paranormalcba.com\/index.php\/wp-json\/wp\/v2\/types\/page"}],"author":[{"embeddable":true,"href":"https:\/\/paranormalcba.com\/index.php\/wp-json\/wp\/v2\/users\/1"}],"replies":[{"embeddable":true,"href":"https:\/\/paranormalcba.com\/index.php\/wp-json\/wp\/v2\/comments?post=24"}],"version-history":[{"count":4,"href":"https:\/\/paranormalcba.com\/index.php\/wp-json\/wp\/v2\/pages\/24\/revisions"}],"predecessor-version":[{"id":329,"href":"https:\/\/paranormalcba.com\/index.php\/wp-json\/wp\/v2\/pages\/24\/revisions\/329"}],"wp:attachment":[{"href":"https:\/\/paranormalcba.com\/index.php\/wp-json\/wp\/v2\/media?parent=24"}],"curies":[{"name":"wp","href":"https:\/\/api.w.org\/{rel}","templated":true}]}}