{"id":321,"date":"2024-04-01T18:14:13","date_gmt":"2024-04-01T18:14:13","guid":{"rendered":"https:\/\/paranormalcba.com\/?page_id=321"},"modified":"2025-02-20T22:58:18","modified_gmt":"2025-02-20T22:58:18","slug":"turnos","status":"publish","type":"page","link":"https:\/\/paranormalcba.com\/index.php\/turnos\/","title":{"rendered":"Turnos"},"content":{"rendered":"\n<pre class=\"wp-block-code\"><code>Desde el <strong>28 de febrero del 2025<\/strong>, se comienza a tomar turnos solamente para limpieza de domicilios particulares, comercios, Instituciones, campos y terrenos.\n\nEl <strong>30 de marzo del 2025<\/strong> se dar\u00e1n turnos para las personas que necesiten ser atendidas durante el mes de abril 2025. \n\nLimpieza energ\u00e9tica personal y\/o sesi\u00f3n de mediumnidad:\nLes recuerdo para quienes no vinieron anteriormente que en abril atiendo a quienes necesiten limpieza energ\u00e9tica personal y sesi\u00f3n de mediumnidad o s\u00f3lo alguna de las  especialidades antes mencionadas. \n\n\n<\/code><\/pre>\n\n\n\n<figure class=\"wp-block-image size-full\"><img loading=\"lazy\" decoding=\"async\" width=\"512\" height=\"512\" src=\"https:\/\/paranormalcba.com\/wp-content\/uploads\/2025\/02\/cropped-cropped-1740088206136.png\" alt=\"\" class=\"wp-image-389\" srcset=\"https:\/\/paranormalcba.com\/wp-content\/uploads\/2025\/02\/cropped-cropped-1740088206136.png 512w, https:\/\/paranormalcba.com\/wp-content\/uploads\/2025\/02\/cropped-cropped-1740088206136-300x300.png 300w, https:\/\/paranormalcba.com\/wp-content\/uploads\/2025\/02\/cropped-cropped-1740088206136-150x150.png 150w, https:\/\/paranormalcba.com\/wp-content\/uploads\/2025\/02\/cropped-cropped-1740088206136-270x270.png 270w, https:\/\/paranormalcba.com\/wp-content\/uploads\/2025\/02\/cropped-cropped-1740088206136-192x192.png 192w, https:\/\/paranormalcba.com\/wp-content\/uploads\/2025\/02\/cropped-cropped-1740088206136-180x180.png 180w, https:\/\/paranormalcba.com\/wp-content\/uploads\/2025\/02\/cropped-cropped-1740088206136-32x32.png 32w\" sizes=\"(max-width: 512px) 100vw, 512px\" \/><\/figure>\n","protected":false},"excerpt":{"rendered":"","protected":false},"author":1,"featured_media":0,"parent":0,"menu_order":0,"comment_status":"closed","ping_status":"closed","template":"","meta":{"footnotes":""},"_links":{"self":[{"href":"https:\/\/paranormalcba.com\/index.php\/wp-json\/wp\/v2\/pages\/321"}],"collection":[{"href":"https:\/\/paranormalcba.com\/index.php\/wp-json\/wp\/v2\/pages"}],"about":[{"href":"https:\/\/paranormalcba.com\/index.php\/wp-json\/wp\/v2\/types\/page"}],"author":[{"embeddable":true,"href":"https:\/\/paranormalcba.com\/index.php\/wp-json\/wp\/v2\/users\/1"}],"replies":[{"embeddable":true,"href":"https:\/\/paranormalcba.com\/index.php\/wp-json\/wp\/v2\/comments?post=321"}],"version-history":[{"count":4,"href":"https:\/\/paranormalcba.com\/index.php\/wp-json\/wp\/v2\/pages\/321\/revisions"}],"predecessor-version":[{"id":392,"href":"https:\/\/paranormalcba.com\/index.php\/wp-json\/wp\/v2\/pages\/321\/revisions\/392"}],"wp:attachment":[{"href":"https:\/\/paranormalcba.com\/index.php\/wp-json\/wp\/v2\/media?parent=321"}],"curies":[{"name":"wp","href":"https:\/\/api.w.org\/{rel}","templated":true}]}}