{"id":339,"date":"2024-06-19T22:36:36","date_gmt":"2024-06-19T22:36:36","guid":{"rendered":"https:\/\/paranormalcba.com\/?page_id=339"},"modified":"2025-02-20T22:07:50","modified_gmt":"2025-02-20T22:07:50","slug":"investigacion-paranormal","status":"publish","type":"page","link":"https:\/\/paranormalcba.com\/index.php\/investigacion-paranormal\/","title":{"rendered":"Investigaci\u00f3n Paranormal"},"content":{"rendered":"\n<p>Con mi esposo Alejandro, nos dedicamos a realizar investigaciones en diferentes lugares donde nos solicitan, como por ejemplo, domicilios particulares, oficinas de trabajo, negocios o terrenos ubicados en toda la provincia de C\u00f3rdoba.<\/p>\n\n\n\n<p>As\u00ed como en su mayor\u00eda, las limpiezas energ\u00e9ticas se relacionan con el estado de \u00e1nimo de quienes habitan o trabajan en el lugar y de su baja vibraci\u00f3n, cada caso en particular tiene su rasgo distintivo, alg\u00fan familiar que falleci\u00f3 de manera traum\u00e1tica y su esp\u00edritu no sabe que le ha sucedido, otros que fallecieron sufriendo de Alzehimer y no saben quienes habitan hoy su vivienda o se encuentran en su lugar de trabajo. <\/p>\n\n\n\n<p>Todos somos energ\u00eda, sentimos apego a algo, sea un familiar, un instrumento musical, nuestro lugar de trabajo, alg\u00fan elemento en particular o un lugar dentro de casa. Nuestra ventaja, al trabajar con una m\u00e9dium que puede ver a los esp\u00edritus y no solamente sentir su presencia, radica en que puede describirles la apariencia f\u00edsica con la que se materializa frente a ella a los consultantes y de \u00e9sta manera validar con quien se est\u00e1 comunicando, asimismo para quienes no lo saben, la comunicaci\u00f3n no siempre es muy clara y por lo general le muestran a la m\u00e9dium elementos, letras o comportamientos que ella debe interpretar porque no es como hablar por tel\u00e9fono, una vez que recibe los mensajes debe transmitirlos y como ella no conoce previamente a quien ahora se manifiesta no es una tarea sencilla.<\/p>\n\n\n\n<p> Nos toc\u00f3 intervenir en algunos casos graves, donde los ni\u00f1os de la familia, mencionaron ver personas grit\u00e1ndoles y los adultos aseguraban que puertas de alacenas o modulares se abr\u00edan y golpeaban con fuerza por si solas, donde pudimos ingresar a investigar reci\u00e9n cuando los propietarios regresaron, dado que hab\u00edan abandonado el domicilio durante la madrugada, porque los diferentes sucesos los espantaron y no pod\u00edan descansar ni tranquilizar a los hijos.   <\/p>\n\n\n\n<p>Todo, aunque suena muy traum\u00e1tico y de pel\u00edcula, es aterrador para quien lo sufre y no puede encontrar una respuesta, es realmente dif\u00edcil asumir que algo paranormal sucede en un domicilio y mucho m\u00e1s encontrar a quien comentarle lo sufrido sin temor a caer en el descr\u00e9dito o la burla. Afortunadamente nuestra forma de trabajo durante m\u00e1s de 10 a\u00f1os afianz\u00f3 nuestro prestigio, seriedad y compromiso con quien nos conf\u00ede un tema tan delicado y no s\u00f3lo registramos las evidencias de lo que afecta al lugar, para explicar a los propietarios el origen de las manifestaciones, sino que tambi\u00e9n realizamos una limpieza energ\u00e9tica para erradicar a esp\u00edritus, entidades o energ\u00edas negativas que provocan \u00e9sta situaci\u00f3n que abruma a las familias o residentes. <\/p>\n\n\n\n<p>Hoy en d\u00eda se puede hablar de actividad paranormal, ya que las personas tienen una mentalidad m\u00e1s abierta y aceptan que no tienen para todo una explicaci\u00f3n simple. <\/p>\n\n\n\n<p>Al llegar al lugar, lo primero que hacemos es un recorrido para evaluar las cargas energ\u00e9ticas dentro del edificio, uno por uno vamos explorando los ambientes sin que el propietario nos cuente nada previamente, para no condicionar nuestra percepci\u00f3n. Al finalizar, le comento al consultante cuales fueron mis impresiones y le marco los sectores donde siento que suceden las situaciones m\u00e1s preocupantes para la familia, si durante el recorrido veo una presencia o esp\u00edritu se lo menciono a los propietarios y busco saber si es alg\u00fan familiar o se apeg\u00f3 por algo al lugar. <\/p>\n\n\n\n<p>Tratamos con respeto a quien se encuentre en el lugar, no desafiamos ni faltamos el respeto a quien se manifieste, con la ayuda de esp\u00edritus elevados y de los gu\u00edas, se les pide que abandonen el lugar o trasciendan, la limpieza la realizamos con puertas o ventanas abiertas para que constantemente circule el aire por las dependencias y en todo momento se registra con c\u00e1mara todo el proceso de la limpieza para entregarle a los consultantes una vez finalizada la limpieza, le indicamos como debe mantener el ambiente libre de cargas negativas y como pueden realizar ellos una limpieza preventiva. <\/p>\n\n\n<div class=\"wp-block-image\">\n<figure class=\"aligncenter size-full\"><img loading=\"lazy\" decoding=\"async\" width=\"512\" height=\"512\" src=\"https:\/\/paranormalcba.com\/wp-content\/uploads\/2025\/02\/cropped-cropped-1740088206136.png\" alt=\"\" class=\"wp-image-389\" srcset=\"https:\/\/paranormalcba.com\/wp-content\/uploads\/2025\/02\/cropped-cropped-1740088206136.png 512w, https:\/\/paranormalcba.com\/wp-content\/uploads\/2025\/02\/cropped-cropped-1740088206136-300x300.png 300w, https:\/\/paranormalcba.com\/wp-content\/uploads\/2025\/02\/cropped-cropped-1740088206136-150x150.png 150w, https:\/\/paranormalcba.com\/wp-content\/uploads\/2025\/02\/cropped-cropped-1740088206136-270x270.png 270w, https:\/\/paranormalcba.com\/wp-content\/uploads\/2025\/02\/cropped-cropped-1740088206136-192x192.png 192w, https:\/\/paranormalcba.com\/wp-content\/uploads\/2025\/02\/cropped-cropped-1740088206136-180x180.png 180w, https:\/\/paranormalcba.com\/wp-content\/uploads\/2025\/02\/cropped-cropped-1740088206136-32x32.png 32w\" sizes=\"(max-width: 512px) 100vw, 512px\" \/><\/figure><\/div>","protected":false},"excerpt":{"rendered":"<p>Con mi esposo Alejandro, nos dedicamos a realizar investigaciones en diferentes lugares donde nos solicitan, como por ejemplo, domicilios particulares, oficinas de trabajo, negocios o terrenos ubicados en toda la provincia de C\u00f3rdoba. As\u00ed como en su mayor\u00eda, las limpiezas energ\u00e9ticas se relacionan con el estado de \u00e1nimo de quienes habitan o trabajan en el<\/p><\/div>\n<div class=\"blog-btn\"><a href=\"https:\/\/paranormalcba.com\/index.php\/investigacion-paranormal\/\" class=\"home-blog-btn\">Leer m\u00e1s<\/a><\/p>\n","protected":false},"author":1,"featured_media":0,"parent":0,"menu_order":0,"comment_status":"closed","ping_status":"closed","template":"","meta":{"footnotes":""},"_links":{"self":[{"href":"https:\/\/paranormalcba.com\/index.php\/wp-json\/wp\/v2\/pages\/339"}],"collection":[{"href":"https:\/\/paranormalcba.com\/index.php\/wp-json\/wp\/v2\/pages"}],"about":[{"href":"https:\/\/paranormalcba.com\/index.php\/wp-json\/wp\/v2\/types\/page"}],"author":[{"embeddable":true,"href":"https:\/\/paranormalcba.com\/index.php\/wp-json\/wp\/v2\/users\/1"}],"replies":[{"embeddable":true,"href":"https:\/\/paranormalcba.com\/index.php\/wp-json\/wp\/v2\/comments?post=339"}],"version-history":[{"count":3,"href":"https:\/\/paranormalcba.com\/index.php\/wp-json\/wp\/v2\/pages\/339\/revisions"}],"predecessor-version":[{"id":390,"href":"https:\/\/paranormalcba.com\/index.php\/wp-json\/wp\/v2\/pages\/339\/revisions\/390"}],"wp:attachment":[{"href":"https:\/\/paranormalcba.com\/index.php\/wp-json\/wp\/v2\/media?parent=339"}],"curies":[{"name":"wp","href":"https:\/\/api.w.org\/{rel}","templated":true}]}}